{"id":11544,"date":"2019-07-22T15:14:55","date_gmt":"2019-07-22T13:14:55","guid":{"rendered":"https:\/\/zeichenwerk.de\/mentions-legales\/"},"modified":"2026-01-04T14:35:24","modified_gmt":"2026-01-04T13:35:24","slug":"mentions-legales","status":"publish","type":"page","link":"https:\/\/zeichenwerk.de\/fr\/mentions-legales\/","title":{"rendered":"Mentions l\u00e9gales"},"content":{"rendered":"\n<h1 class=\"wp-block-heading\">Mentions l\u00e9gales<\/h1>\n\n<h4 class=\"wp-block-heading\"><strong>Informations conform\u00e9ment au \u00a7 5 TMG<\/strong> <\/h4>\n\n<p>Zeichenwerk, Inhaber Daniel Nies<br\/>Elmer\u2013Fryar\u2013Ring 84<br\/>86391 Stadtbergen<\/p>\n\n<p>Contact<br\/>T\u00e9l\u00e9phone : +49 (0)821 158175<br\/>Fax : +49 (0)821 158469<br\/>E-mail : <strong>info@zeichenwerk.de<\/strong><\/p>\n\n<p>Num\u00e9ro de TVA<br\/>Num\u00e9ro d\u2019identification \u00e0 la TVA conform\u00e9ment au \u00a7 27 a de la loi sur la TVA :<br\/>DE129139896<br\/>Num\u00e9ro fiscal : 102\/255\/20424<\/p>\n\n<p>R\u00e8glement des litiges dans l\u2019UE<br\/>La Commission europ\u00e9enne met \u00e0 disposition une plateforme de r\u00e8glement en ligne des litiges (RLL) : <a rel=\"noreferrer noopener\" href=\"https:\/\/ec.europa.eu\/consumers\/odr\" target=\"_blank\">https:\/\/ec.europa.eu\/consumers\/odr<\/a><br\/>Vous trouverez notre adresse e-mail ci-dessus dans les mentions l\u00e9gales.<\/p>\n\n<p><strong>R\u00e8glement des litiges de consommation \/ organisme universel de m\u00e9diation<\/strong><br\/>Nous ne sommes ni dispos\u00e9s ni tenus de participer \u00e0 une proc\u00e9dure de r\u00e8glement des litiges devant un organisme de m\u00e9diation des consommateurs.<\/p>\n\n<p><strong>Responsable du contenu conform\u00e9ment au \u00a7 55, al. 2 du RStV <\/strong><br\/>Daniel Nies<br\/>Elmer\u2013Fryar\u2013Ring 84<br\/>86391 Stadtbergen<\/p>\n\n<p><strong>Cr\u00e9ation du site web<\/strong><br\/>Buchmann Digital<br\/><a href=\"https:\/\/www.buchmann.digital\" target=\"_blank\" rel=\"noreferrer noopener\">https:\/\/www.buchmann.digital<\/a><\/p>\n\n<p><\/p>\n","protected":false},"excerpt":{"rendered":"<p>Mentions l\u00e9gales Informations conform\u00e9ment au \u00a7 5 TMG Zeichenwerk, Inhaber Daniel NiesElmer\u2013Fryar\u2013Ring 8486391 Stadtbergen ContactT\u00e9l\u00e9phone : +49 (0)821 158175Fax : +49 (0)821 158469E-mail : info@zeichenwerk.de Num\u00e9ro de TVANum\u00e9ro d\u2019identification \u00e0 la TVA conform\u00e9ment au \u00a7 27 a de la loi sur la TVA :DE129139896Num\u00e9ro fiscal : 102\/255\/20424 R\u00e8glement des litiges dans l\u2019UELa Commission europ\u00e9enne met [&hellip;]<\/p>\n","protected":false},"author":1,"featured_media":0,"parent":0,"menu_order":0,"comment_status":"closed","ping_status":"closed","template":"","meta":{"_acf_changed":false,"footnotes":""},"class_list":["post-11544","page","type-page","status-publish","hentry"],"acf":[],"yoast_head":"<!-- This site is optimized with the Yoast SEO plugin v27.2 - https:\/\/yoast.com\/product\/yoast-seo-wordpress\/ -->\n<title>Mentions l\u00e9gales - Zeichenwerk<\/title>\n<meta name=\"robots\" content=\"index, follow, max-snippet:-1, max-image-preview:large, max-video-preview:-1\" \/>\n<link rel=\"canonical\" href=\"https:\/\/zeichenwerk.de\/fr\/mentions-legales\/\" \/>\n<meta property=\"og:locale\" content=\"fr_FR\" \/>\n<meta property=\"og:type\" content=\"article\" \/>\n<meta property=\"og:title\" content=\"Mentions l\u00e9gales - Zeichenwerk\" \/>\n<meta property=\"og:description\" content=\"Mentions l\u00e9gales Informations conform\u00e9ment au \u00a7 5 TMG Zeichenwerk, Inhaber Daniel NiesElmer\u2013Fryar\u2013Ring 8486391 Stadtbergen ContactT\u00e9l\u00e9phone : +49 (0)821 158175Fax : +49 (0)821 158469E-mail : info@zeichenwerk.de Num\u00e9ro de TVANum\u00e9ro d\u2019identification \u00e0 la TVA conform\u00e9ment au \u00a7 27 a de la loi sur la TVA :DE129139896Num\u00e9ro fiscal : 102\/255\/20424 R\u00e8glement des litiges dans l\u2019UELa Commission europ\u00e9enne met [&hellip;]\" \/>\n<meta property=\"og:url\" content=\"https:\/\/zeichenwerk.de\/fr\/mentions-legales\/\" \/>\n<meta property=\"og:site_name\" content=\"Zeichenwerk\" \/>\n<meta property=\"article:modified_time\" content=\"2026-01-04T13:35:24+00:00\" \/>\n<meta name=\"twitter:card\" content=\"summary_large_image\" \/>\n<meta name=\"twitter:label1\" content=\"Dur\u00e9e de lecture estim\u00e9e\" \/>\n\t<meta name=\"twitter:data1\" content=\"1 minute\" \/>\n<script type=\"application\/ld+json\" class=\"yoast-schema-graph\">{\"@context\":\"https:\/\/schema.org\",\"@graph\":[{\"@type\":\"WebPage\",\"@id\":\"https:\/\/zeichenwerk.de\/fr\/mentions-legales\/\",\"url\":\"https:\/\/zeichenwerk.de\/fr\/mentions-legales\/\",\"name\":\"Mentions l\u00e9gales - Zeichenwerk\",\"isPartOf\":{\"@id\":\"https:\/\/zeichenwerk.de\/fr\/#website\"},\"datePublished\":\"2019-07-22T13:14:55+00:00\",\"dateModified\":\"2026-01-04T13:35:24+00:00\",\"breadcrumb\":{\"@id\":\"https:\/\/zeichenwerk.de\/fr\/mentions-legales\/#breadcrumb\"},\"inLanguage\":\"fr-FR\",\"potentialAction\":[{\"@type\":\"ReadAction\",\"target\":[\"https:\/\/zeichenwerk.de\/fr\/mentions-legales\/\"]}]},{\"@type\":\"BreadcrumbList\",\"@id\":\"https:\/\/zeichenwerk.de\/fr\/mentions-legales\/#breadcrumb\",\"itemListElement\":[{\"@type\":\"ListItem\",\"position\":1,\"name\":\"Start\",\"item\":\"https:\/\/zeichenwerk.de\/fr\/\"},{\"@type\":\"ListItem\",\"position\":2,\"name\":\"Mentions l\u00e9gales\"}]},{\"@type\":\"WebSite\",\"@id\":\"https:\/\/zeichenwerk.de\/fr\/#website\",\"url\":\"https:\/\/zeichenwerk.de\/fr\/\",\"name\":\"Zeichenwerk\",\"description\":\"\",\"potentialAction\":[{\"@type\":\"SearchAction\",\"target\":{\"@type\":\"EntryPoint\",\"urlTemplate\":\"https:\/\/zeichenwerk.de\/fr\/?s={search_term_string}\"},\"query-input\":{\"@type\":\"PropertyValueSpecification\",\"valueRequired\":true,\"valueName\":\"search_term_string\"}}],\"inLanguage\":\"fr-FR\"}]}<\/script>\n<!-- \/ Yoast SEO plugin. -->","yoast_head_json":{"title":"Mentions l\u00e9gales - Zeichenwerk","robots":{"index":"index","follow":"follow","max-snippet":"max-snippet:-1","max-image-preview":"max-image-preview:large","max-video-preview":"max-video-preview:-1"},"canonical":"https:\/\/zeichenwerk.de\/fr\/mentions-legales\/","og_locale":"fr_FR","og_type":"article","og_title":"Mentions l\u00e9gales - Zeichenwerk","og_description":"Mentions l\u00e9gales Informations conform\u00e9ment au \u00a7 5 TMG Zeichenwerk, Inhaber Daniel NiesElmer\u2013Fryar\u2013Ring 8486391 Stadtbergen ContactT\u00e9l\u00e9phone : +49 (0)821 158175Fax : +49 (0)821 158469E-mail : info@zeichenwerk.de Num\u00e9ro de TVANum\u00e9ro d\u2019identification \u00e0 la TVA conform\u00e9ment au \u00a7 27 a de la loi sur la TVA :DE129139896Num\u00e9ro fiscal : 102\/255\/20424 R\u00e8glement des litiges dans l\u2019UELa Commission europ\u00e9enne met [&hellip;]","og_url":"https:\/\/zeichenwerk.de\/fr\/mentions-legales\/","og_site_name":"Zeichenwerk","article_modified_time":"2026-01-04T13:35:24+00:00","twitter_card":"summary_large_image","twitter_misc":{"Dur\u00e9e de lecture estim\u00e9e":"1 minute"},"schema":{"@context":"https:\/\/schema.org","@graph":[{"@type":"WebPage","@id":"https:\/\/zeichenwerk.de\/fr\/mentions-legales\/","url":"https:\/\/zeichenwerk.de\/fr\/mentions-legales\/","name":"Mentions l\u00e9gales - Zeichenwerk","isPartOf":{"@id":"https:\/\/zeichenwerk.de\/fr\/#website"},"datePublished":"2019-07-22T13:14:55+00:00","dateModified":"2026-01-04T13:35:24+00:00","breadcrumb":{"@id":"https:\/\/zeichenwerk.de\/fr\/mentions-legales\/#breadcrumb"},"inLanguage":"fr-FR","potentialAction":[{"@type":"ReadAction","target":["https:\/\/zeichenwerk.de\/fr\/mentions-legales\/"]}]},{"@type":"BreadcrumbList","@id":"https:\/\/zeichenwerk.de\/fr\/mentions-legales\/#breadcrumb","itemListElement":[{"@type":"ListItem","position":1,"name":"Start","item":"https:\/\/zeichenwerk.de\/fr\/"},{"@type":"ListItem","position":2,"name":"Mentions l\u00e9gales"}]},{"@type":"WebSite","@id":"https:\/\/zeichenwerk.de\/fr\/#website","url":"https:\/\/zeichenwerk.de\/fr\/","name":"Zeichenwerk","description":"","potentialAction":[{"@type":"SearchAction","target":{"@type":"EntryPoint","urlTemplate":"https:\/\/zeichenwerk.de\/fr\/?s={search_term_string}"},"query-input":{"@type":"PropertyValueSpecification","valueRequired":true,"valueName":"search_term_string"}}],"inLanguage":"fr-FR"}]}},"_links":{"self":[{"href":"https:\/\/zeichenwerk.de\/fr\/wp-json\/wp\/v2\/pages\/11544","targetHints":{"allow":["GET"]}}],"collection":[{"href":"https:\/\/zeichenwerk.de\/fr\/wp-json\/wp\/v2\/pages"}],"about":[{"href":"https:\/\/zeichenwerk.de\/fr\/wp-json\/wp\/v2\/types\/page"}],"author":[{"embeddable":true,"href":"https:\/\/zeichenwerk.de\/fr\/wp-json\/wp\/v2\/users\/1"}],"replies":[{"embeddable":true,"href":"https:\/\/zeichenwerk.de\/fr\/wp-json\/wp\/v2\/comments?post=11544"}],"version-history":[{"count":1,"href":"https:\/\/zeichenwerk.de\/fr\/wp-json\/wp\/v2\/pages\/11544\/revisions"}],"predecessor-version":[{"id":11545,"href":"https:\/\/zeichenwerk.de\/fr\/wp-json\/wp\/v2\/pages\/11544\/revisions\/11545"}],"wp:attachment":[{"href":"https:\/\/zeichenwerk.de\/fr\/wp-json\/wp\/v2\/media?parent=11544"}],"curies":[{"name":"wp","href":"https:\/\/api.w.org\/{rel}","templated":true}]}}