{"id":13448,"date":"2026-01-07T12:50:27","date_gmt":"2026-01-07T11:50:27","guid":{"rendered":"https:\/\/zeichenwerk.de\/?page_id=13448"},"modified":"2026-01-07T13:05:13","modified_gmt":"2026-01-07T12:05:13","slug":"croquis-de-voyage","status":"publish","type":"page","link":"https:\/\/zeichenwerk.de\/fr\/croquis-de-voyage\/","title":{"rendered":"Croquis de voyage"},"content":{"rendered":"\n<div class=\"header-slider-container full-width\">\n\n    <ul id=\"lightSlider\" class=\"header-slider \">\n\n\t\t\n                <li class=\"image\" style=\"background-image:url('https:\/\/zeichenwerk.de\/wp-content\/uploads\/2020\/03\/Header_2000x1000px-Kunst-3.jpg')\">\n                    <div class=\"container\">\n\n                        <a href=\"#scrollpoint\" class=\"scroll-down-button\">\n                            <img decoding=\"async\" src=\"https:\/\/zeichenwerk.de\/wp-content\/themes\/zeichenwerk\/assets\/images\/down-arrow-orange.svg\" alt=\"Zeichenwerk Scroll Button\">\n                        <\/a>\n\n                        <div class=\"inner headline-big-down\">\n\n\t\t\t\t\t\t\t\n                                <h1 class=\"headline-all\n\n                            headline-color-orange                            headline-big-down\n                            col-lg-8\n\n                        \">Croquis de voyage &#8211; ma passion<\/h1>\n\n\t\t\t\t\t\t\t\t\n\t\t\t\t\t\t\t\n                        <\/div>\n\n                        <!-- Extra -->\n\t\t\t\t\t\t\n                    <\/div>\n                <\/li>\n\n\t\t\t\n                <li class=\"image\" style=\"background-image:url('https:\/\/zeichenwerk.de\/wp-content\/uploads\/2020\/03\/Header_2000x1000px-Kunst.jpg')\">\n                    <div class=\"container\">\n\n                        <a href=\"#scrollpoint\" class=\"scroll-down-button\">\n                            <img decoding=\"async\" src=\"https:\/\/zeichenwerk.de\/wp-content\/themes\/zeichenwerk\/assets\/images\/down-arrow-orange.svg\" alt=\"Zeichenwerk Scroll Button\">\n                        <\/a>\n\n                        <div class=\"inner headline-small\">\n\n\t\t\t\t\t\t\t\n                                <h2 class=\"headline-all\n\n                            headline-color-orange                            headline-small\n                            col-lg-6\n\n                        \">Ferrara<\/h1>\n\n\t\t\t\t\t\t\t\t\n\t\t\t\t\t\t\t\n                        <\/div>\n\n                        <!-- Extra -->\n\t\t\t\t\t\t\n                    <\/div>\n                <\/li>\n\n\t\t\t\n                <li class=\"image\" style=\"background-image:url('https:\/\/zeichenwerk.de\/wp-content\/uploads\/2020\/03\/Header_2000x1000px-Kunst-2.jpg')\">\n                    <div class=\"container\">\n\n                        <a href=\"#scrollpoint\" class=\"scroll-down-button\">\n                            <img decoding=\"async\" src=\"https:\/\/zeichenwerk.de\/wp-content\/themes\/zeichenwerk\/assets\/images\/down-arrow-orange.svg\" alt=\"Zeichenwerk Scroll Button\">\n                        <\/a>\n\n                        <div class=\"inner headline-small\">\n\n\t\t\t\t\t\t\t\n                                <h2 class=\"headline-all\n\n                            headline-color-orange                            headline-small\n                            col-lg-6\n\n                        \">Bologna<\/h1>\n\n\t\t\t\t\t\t\t\t\n\t\t\t\t\t\t\t\n                        <\/div>\n\n                        <!-- Extra -->\n\t\t\t\t\t\t\n                    <\/div>\n                <\/li>\n\n\t\t\t\n                <li class=\"image\" style=\"background-image:url('https:\/\/zeichenwerk.de\/wp-content\/uploads\/2020\/05\/Header_2000x1000px-Kunst-4.jpg')\">\n                    <div class=\"container\">\n\n                        <a href=\"#scrollpoint\" class=\"scroll-down-button\">\n                            <img decoding=\"async\" src=\"https:\/\/zeichenwerk.de\/wp-content\/themes\/zeichenwerk\/assets\/images\/down-arrow-orange.svg\" alt=\"Zeichenwerk Scroll Button\">\n                        <\/a>\n\n                        <div class=\"inner headline-small\">\n\n\t\t\t\t\t\t\t\n                                <h2 class=\"headline-all\n\n                            headline-color-orange                            headline-small\n                            col-lg-6\n\n                        \">Venedig<\/h1>\n\n\t\t\t\t\t\t\t\t\n\t\t\t\t\t\t\t\n                        <\/div>\n\n                        <!-- Extra -->\n\t\t\t\t\t\t\n                    <\/div>\n                <\/li>\n\n\t\t\t\n    <\/ul>\n\n    <div id=\"scrollpoint\"><\/div>\n\n<\/div>\n\n\n\n\n\n<div class=\"wp-block-columns has-2-columns is-layout-flex wp-container-core-columns-is-layout-9d6595d7 wp-block-columns-is-layout-flex\">\n<div class=\"wp-block-column is-layout-flow wp-block-column-is-layout-flow\">\n<figure class=\"wp-block-image size-large\"><img loading=\"lazy\" decoding=\"async\" width=\"490\" height=\"674\" src=\"https:\/\/zeichenwerk.de\/wp-content\/uploads\/2020\/03\/Textbilder_490x490px-Kunst.jpg\" alt=\"\" class=\"wp-image-1504\" srcset=\"https:\/\/zeichenwerk.de\/wp-content\/uploads\/2020\/03\/Textbilder_490x490px-Kunst.jpg 490w, https:\/\/zeichenwerk.de\/wp-content\/uploads\/2020\/03\/Textbilder_490x490px-Kunst-218x300.jpg 218w\" sizes=\"auto, (max-width: 490px) 100vw, 490px\" \/><\/figure>\n<\/div>\n\n\n\n<div class=\"wp-block-column is-layout-flow wp-block-column-is-layout-flow\">\n<h2 class=\"wp-block-heading\">Croquis de voyage<\/h2>\n\n\n\n<p>J\u2019aime voyager et dessiner avec passion dans mes carnets de croquis que je cr\u00e9e moi-m\u00eame.<br\/>Une s\u00e9lection de mes dessins est r\u00e9guli\u00e8rement pr\u00e9sent\u00e9e dans des expositions, telles que :<br\/>\u00ab Matite in Viaggio \u00bb \u00e0 Venise<br\/>\u00ab Autori diari di viaggio \u00bb \u00e0 Ferrare<br\/>Mus\u00e9e d\u2019architecture de Souabe \u00e0 Augsbourg<br\/>Exposition souabe d\u2019illustration \u00e0 Augsbourg  <\/p>\n\n\n\n<h4 class=\"wp-block-heading\">Instantan\u00e9s dessin\u00e9s<\/h4>\n\n\n\n<p>En dessinant, je capte toutes les impressions du moment avec tous mes sens \u2013 y compris l\u2019ambiance, la m\u00e9t\u00e9o, l\u2019heure de la journ\u00e9e, les rencontres et bien plus encore. C\u2019est pourquoi j\u2019aime tant dessiner sur place.<br\/>Au-del\u00e0 du dessin lui-m\u00eame, je suis \u00e9galement fascin\u00e9e par les diff\u00e9rentes qualit\u00e9s de papier, ainsi que par la reliure et la fabrication du carnet de croquis. Aujourd\u2019hui, je cr\u00e9e moi-m\u00eame la plupart de mes carnets.   <\/p>\n\n\n\n<h4 class=\"wp-block-heading\">S\u00e9minaires sur le carnet de croquis<\/h4>\n\n\n\n<p>Vous souhaitez d\u00e9couvrir mon univers du dessin ?<br\/>Alors, participez \u00e0 un de mes ateliers de carnet de croquis, par exemple dans la belle ville d\u2019Augsbourg ou lors de voyages en Italie. <\/p>\n\n\n\n<p><\/p>\n\n\n\n<p><\/p>\n<\/div>\n<\/div>\n\n<div class=\"wp-block-columns has-2-columns is-layout-flex wp-container-core-columns-is-layout-9d6595d7 wp-block-columns-is-layout-flex\">\n<div class=\"wp-block-column is-layout-flow wp-block-column-is-layout-flow\">\n<h3 class=\"wp-block-heading\">Autres dessins<\/h3>\n\n\n\n<p><\/p>\n\n\n\n<p><strong>Ma galerie sur Flickr<\/strong><br\/>Ici, vous pouvez choisir le dessin de votre choix :<br\/><a rel=\"noreferrer noopener\" href=\"https:\/\/www.flickr.com\/photos\/danielnies\/albums\" target=\"_blank\">Veuillez cliquer ici<\/a><br\/>J\u2019y pr\u00e9sente plus de 2000 croquis de mes voyages en Italie, en France, en Espagne, en Autriche, en Suisse, en Angleterre, en Allemagne et en Pologne.<br\/>Les prix vous seront communiqu\u00e9s sur demande.<br\/>https:\/\/www.flickr.com\/photos\/danielnies\/albums<\/p>\n<\/div>\n\n\n\n<div class=\"wp-block-column is-layout-flow wp-block-column-is-layout-flow\">\n<figure class=\"wp-block-image size-large\"><img loading=\"lazy\" decoding=\"async\" width=\"490\" height=\"376\" src=\"https:\/\/zeichenwerk.de\/wp-content\/uploads\/2020\/03\/Textbilder_490x490px-Kunst-03.jpg\" alt=\"\" class=\"wp-image-1576\" srcset=\"https:\/\/zeichenwerk.de\/wp-content\/uploads\/2020\/03\/Textbilder_490x490px-Kunst-03.jpg 490w, https:\/\/zeichenwerk.de\/wp-content\/uploads\/2020\/03\/Textbilder_490x490px-Kunst-03-300x230.jpg 300w\" sizes=\"auto, (max-width: 490px) 100vw, 490px\" \/><\/figure>\n<\/div>\n<\/div>\n\n<div class=\"image-slider\">\n\n            <h4>Eine kleine Auswahl<\/h4>\n    \n    <div class=\"row\">\n\n        <button type=\"button\" id=\"goToPrevSlide\" class=\"col-1 prev\">\n            <img decoding=\"async\" src=\"https:\/\/zeichenwerk.de\/wp-content\/themes\/zeichenwerk\/assets\/images\/single-arrow-left-orange.svg\" alt=\"Ein Bild zur\u00fcck\">\n        <\/button>\n\n        <div class=\"col-10\">\n\n            <ul id=\"lightSliderImage\">\n\n                \n                        <li>\n                            <div class=\"image\" style=\"background-image:url('https:\/\/zeichenwerk.de\/wp-content\/uploads\/2020\/05\/K11-Slideshow_900x520px.jpg'); height: 520px\"><\/div>\n                                                    <\/li>\n\n                    \n                        <li>\n                            <div class=\"image\" style=\"background-image:url('https:\/\/zeichenwerk.de\/wp-content\/uploads\/2020\/05\/K08-Slideshow_900x520px.jpg'); height: 520px\"><\/div>\n                                                    <\/li>\n\n                    \n                        <li>\n                            <div class=\"image\" style=\"background-image:url('https:\/\/zeichenwerk.de\/wp-content\/uploads\/2020\/05\/K07-Slideshow_900x520px.jpg'); height: 520px\"><\/div>\n                                                    <\/li>\n\n                    \n                        <li>\n                            <div class=\"image\" style=\"background-image:url('https:\/\/zeichenwerk.de\/wp-content\/uploads\/2020\/05\/K10-Slideshow_900x520px.jpg'); height: 520px\"><\/div>\n                                                    <\/li>\n\n                    \n                        <li>\n                            <div class=\"image\" style=\"background-image:url('https:\/\/zeichenwerk.de\/wp-content\/uploads\/2020\/05\/K05-Slideshow_900x520px.jpg'); height: 520px\"><\/div>\n                                                    <\/li>\n\n                    \n                        <li>\n                            <div class=\"image\" style=\"background-image:url('https:\/\/zeichenwerk.de\/wp-content\/uploads\/2020\/05\/K06-Slideshow_900x520px.jpg'); height: 520px\"><\/div>\n                                                    <\/li>\n\n                    \n                        <li>\n                            <div class=\"image\" style=\"background-image:url('https:\/\/zeichenwerk.de\/wp-content\/uploads\/2020\/05\/K01-Slideshow_900x520px.jpg'); height: 520px\"><\/div>\n                                                    <\/li>\n\n                    \n                        <li>\n                            <div class=\"image\" style=\"background-image:url('https:\/\/zeichenwerk.de\/wp-content\/uploads\/2020\/05\/K04-Slideshow_900x520px.jpg'); height: 520px\"><\/div>\n                                                    <\/li>\n\n                    \n                        <li>\n                            <div class=\"image\" style=\"background-image:url('https:\/\/zeichenwerk.de\/wp-content\/uploads\/2020\/05\/K03-Slideshow_900x520px.jpg'); height: 520px\"><\/div>\n                                                    <\/li>\n\n                    \n                        <li>\n                            <div class=\"image\" style=\"background-image:url('https:\/\/zeichenwerk.de\/wp-content\/uploads\/2020\/05\/K02-Slideshow_900x520px.jpg'); height: 520px\"><\/div>\n                                                    <\/li>\n\n                    \n            <\/ul>\n\n        <\/div>\n\n        <button type=\"button\" id=\"goToNextSlide\" class=\"col-1 next\">\n            <img decoding=\"async\" src=\"https:\/\/zeichenwerk.de\/wp-content\/themes\/zeichenwerk\/assets\/images\/single-arrow-right-orange.svg\" alt=\"Ein Bild vorw\u00e4rts\">\n        <\/button>\n\n    <\/div>\n\n<\/div>\n\n\n\n<blockquote class=\"wp-block-quote is-layout-flow wp-block-quote-is-layout-flow\">\n<p><\/p>\n<\/blockquote>\n\n<div class=\"zitat-slider full-width grey\">\n\n\t<div class=\"container\">\n        <ul id=\"lightSliderZitat\">\n\n            \n                    <li>\n                        <div class=\"zitat row\">\n                            <span class=\"before col-1\">\n                                <svg id=\"Ebene_1\" data-name=\"Ebene 1\" xmlns=\"http:\/\/www.w3.org\/2000\/svg\" width=\"35\" viewBox=\"0 0 429.4 319.47\">\n                                    <defs>\n                                        <style>\n                                        .cls-1 {\n                                            fill: #696969;\n                                        }\n                                        <\/style>\n                                    <\/defs>\n                                    <path class=\"cls-1\" d=\"M180.63,40.08C166.81,19.79,139.44-3.57,87.45.46c-23.61,1.83-44.58,11.55-60.63,28.12C11.51,44.39,2.1,65.39.35,87.71c-2.16,27.49,5.68,51.95,22.66,70.73,17.22,19.05,42.56,30.37,71.8,32.2-4.26,36.35-20.97,68.73-53.66,104.27-.59.64-1.7,1.62-2.86,2.64-4.28,3.76-8.7,7.66-8.97,12.33-.28,4.7,2.19,7.01,3.69,7.97,1.55.99,3.38,1.45,5.48,1.45,5.72,0,13.43-3.35,22.8-8.33.4-.21.74-.39,1.01-.53,42.23-21.92,98.92-71.33,120.7-116.08,11.57-23.78,17.99-51.87,18.09-79.11.1-29.36-6.97-55.35-20.46-75.17Z\"\/>\n                                    <path class=\"cls-1\" d=\"M410.56,42.19C396.98,21.03,369.63-3.39,316.48.45c-29.36,2.12-54.5,16.31-70.81,39.96-16.86,24.45-21.78,56.23-13.15,85.02,11.03,36.81,47.76,63.07,90.4,65.27-3.44,34.12-20.22,68.41-48.77,99.48-.79.86-2.4,2.32-4.1,3.86-7.23,6.56-12.01,11.2-12.49,15.65-.51,4.75,1.87,7.16,3.33,8.17,1.53,1.06,3.37,1.6,5.65,1.6,4.6,0,10.97-2.21,20.12-6.82l.56-.28c39.49-19.68,96.6-67.3,120-109.9,13.08-23.81,20.9-52.68,22.03-81.27,1.21-30.73-5.25-58.04-18.7-78.99Z\"\/>\n                                <\/svg>\n                            <\/span>\n                            <div class=\"inner col my-auto\">Hier, je me suis presque une heure enti\u00e8re balad\u00e9(e) \u00e0 travers tes pages de carnets de croquis sur Flickr\u2026 et je me suis perdu(e) \u2013 et tomb\u00e9(e) amoureux\/amoureuse \u2013 de la Sicile, de Venise et de Rome. CHAPEAU ! Tr\u00e8s impressionnant \u2013 surtout tes carnets de croquis rapides, qui sont fantastiques ! C\u2019\u00e9tait comme des vacances. Merci !    <\/div>\n                            <!-- <span class=\"after col-1 align-top\">\"<\/span> -->\n                        <\/div>\n                                                    <div class=\"autor\">Mi Kube<\/div>\n                                            <\/li>\n\n\t           \n        <\/ul>\n    <\/div>\n\n<\/div>\n\n\n","protected":false},"excerpt":{"rendered":"<p>Croquis de voyage J\u2019aime voyager et dessiner avec passion dans mes carnets de croquis que je cr\u00e9e moi-m\u00eame.Une s\u00e9lection de mes dessins est r\u00e9guli\u00e8rement pr\u00e9sent\u00e9e dans des expositions, telles que :\u00ab Matite in Viaggio \u00bb \u00e0 Venise\u00ab Autori diari di viaggio \u00bb \u00e0 FerrareMus\u00e9e d\u2019architecture de Souabe \u00e0 AugsbourgExposition souabe d\u2019illustration \u00e0 Augsbourg Instantan\u00e9s dessin\u00e9s [&hellip;]<\/p>\n","protected":false},"author":3,"featured_media":0,"parent":0,"menu_order":0,"comment_status":"closed","ping_status":"closed","template":"","meta":{"_acf_changed":false,"footnotes":""},"class_list":["post-13448","page","type-page","status-publish","hentry"],"acf":[],"yoast_head":"<!-- This site is optimized with the Yoast SEO plugin v27.2 - https:\/\/yoast.com\/product\/yoast-seo-wordpress\/ -->\n<title>Croquis de voyage - Zeichenwerk<\/title>\n<meta name=\"robots\" content=\"index, follow, max-snippet:-1, max-image-preview:large, max-video-preview:-1\" \/>\n<link rel=\"canonical\" href=\"https:\/\/zeichenwerk.de\/fr\/croquis-de-voyage\/\" \/>\n<meta property=\"og:locale\" content=\"fr_FR\" \/>\n<meta property=\"og:type\" content=\"article\" \/>\n<meta property=\"og:title\" content=\"Croquis de voyage - Zeichenwerk\" \/>\n<meta property=\"og:description\" content=\"Croquis de voyage J\u2019aime voyager et dessiner avec passion dans mes carnets de croquis que je cr\u00e9e moi-m\u00eame.Une s\u00e9lection de mes dessins est r\u00e9guli\u00e8rement pr\u00e9sent\u00e9e dans des expositions, telles que :\u00ab Matite in Viaggio \u00bb \u00e0 Venise\u00ab Autori diari di viaggio \u00bb \u00e0 FerrareMus\u00e9e d\u2019architecture de Souabe \u00e0 AugsbourgExposition souabe d\u2019illustration \u00e0 Augsbourg Instantan\u00e9s dessin\u00e9s [&hellip;]\" \/>\n<meta property=\"og:url\" content=\"https:\/\/zeichenwerk.de\/fr\/croquis-de-voyage\/\" \/>\n<meta property=\"og:site_name\" content=\"Zeichenwerk\" \/>\n<meta property=\"article:modified_time\" content=\"2026-01-07T12:05:13+00:00\" \/>\n<meta property=\"og:image\" content=\"https:\/\/zeichenwerk.de\/wp-content\/uploads\/2020\/03\/Textbilder_490x490px-Kunst.jpg\" \/>\n<meta name=\"twitter:card\" content=\"summary_large_image\" \/>\n<meta name=\"twitter:label1\" content=\"Dur\u00e9e de lecture estim\u00e9e\" \/>\n\t<meta name=\"twitter:data1\" content=\"1 minute\" \/>\n<script type=\"application\/ld+json\" class=\"yoast-schema-graph\">{\"@context\":\"https:\/\/schema.org\",\"@graph\":[{\"@type\":\"WebPage\",\"@id\":\"https:\/\/zeichenwerk.de\/fr\/croquis-de-voyage\/\",\"url\":\"https:\/\/zeichenwerk.de\/fr\/croquis-de-voyage\/\",\"name\":\"Croquis de voyage - Zeichenwerk\",\"isPartOf\":{\"@id\":\"https:\/\/zeichenwerk.de\/fr\/#website\"},\"primaryImageOfPage\":{\"@id\":\"https:\/\/zeichenwerk.de\/fr\/croquis-de-voyage\/#primaryimage\"},\"image\":{\"@id\":\"https:\/\/zeichenwerk.de\/fr\/croquis-de-voyage\/#primaryimage\"},\"thumbnailUrl\":\"https:\/\/zeichenwerk.de\/wp-content\/uploads\/2020\/03\/Textbilder_490x490px-Kunst.jpg\",\"datePublished\":\"2026-01-07T11:50:27+00:00\",\"dateModified\":\"2026-01-07T12:05:13+00:00\",\"breadcrumb\":{\"@id\":\"https:\/\/zeichenwerk.de\/fr\/croquis-de-voyage\/#breadcrumb\"},\"inLanguage\":\"fr-FR\",\"potentialAction\":[{\"@type\":\"ReadAction\",\"target\":[\"https:\/\/zeichenwerk.de\/fr\/croquis-de-voyage\/\"]}]},{\"@type\":\"ImageObject\",\"inLanguage\":\"fr-FR\",\"@id\":\"https:\/\/zeichenwerk.de\/fr\/croquis-de-voyage\/#primaryimage\",\"url\":\"https:\/\/zeichenwerk.de\/wp-content\/uploads\/2020\/03\/Textbilder_490x490px-Kunst.jpg\",\"contentUrl\":\"https:\/\/zeichenwerk.de\/wp-content\/uploads\/2020\/03\/Textbilder_490x490px-Kunst.jpg\"},{\"@type\":\"BreadcrumbList\",\"@id\":\"https:\/\/zeichenwerk.de\/fr\/croquis-de-voyage\/#breadcrumb\",\"itemListElement\":[{\"@type\":\"ListItem\",\"position\":1,\"name\":\"Start\",\"item\":\"https:\/\/zeichenwerk.de\/fr\/\"},{\"@type\":\"ListItem\",\"position\":2,\"name\":\"Croquis de voyage\"}]},{\"@type\":\"WebSite\",\"@id\":\"https:\/\/zeichenwerk.de\/fr\/#website\",\"url\":\"https:\/\/zeichenwerk.de\/fr\/\",\"name\":\"Zeichenwerk\",\"description\":\"\",\"potentialAction\":[{\"@type\":\"SearchAction\",\"target\":{\"@type\":\"EntryPoint\",\"urlTemplate\":\"https:\/\/zeichenwerk.de\/fr\/?s={search_term_string}\"},\"query-input\":{\"@type\":\"PropertyValueSpecification\",\"valueRequired\":true,\"valueName\":\"search_term_string\"}}],\"inLanguage\":\"fr-FR\"}]}<\/script>\n<!-- \/ Yoast SEO plugin. -->","yoast_head_json":{"title":"Croquis de voyage - Zeichenwerk","robots":{"index":"index","follow":"follow","max-snippet":"max-snippet:-1","max-image-preview":"max-image-preview:large","max-video-preview":"max-video-preview:-1"},"canonical":"https:\/\/zeichenwerk.de\/fr\/croquis-de-voyage\/","og_locale":"fr_FR","og_type":"article","og_title":"Croquis de voyage - Zeichenwerk","og_description":"Croquis de voyage J\u2019aime voyager et dessiner avec passion dans mes carnets de croquis que je cr\u00e9e moi-m\u00eame.Une s\u00e9lection de mes dessins est r\u00e9guli\u00e8rement pr\u00e9sent\u00e9e dans des expositions, telles que :\u00ab Matite in Viaggio \u00bb \u00e0 Venise\u00ab Autori diari di viaggio \u00bb \u00e0 FerrareMus\u00e9e d\u2019architecture de Souabe \u00e0 AugsbourgExposition souabe d\u2019illustration \u00e0 Augsbourg Instantan\u00e9s dessin\u00e9s [&hellip;]","og_url":"https:\/\/zeichenwerk.de\/fr\/croquis-de-voyage\/","og_site_name":"Zeichenwerk","article_modified_time":"2026-01-07T12:05:13+00:00","og_image":[{"url":"https:\/\/zeichenwerk.de\/wp-content\/uploads\/2020\/03\/Textbilder_490x490px-Kunst.jpg","type":"","width":"","height":""}],"twitter_card":"summary_large_image","twitter_misc":{"Dur\u00e9e de lecture estim\u00e9e":"1 minute"},"schema":{"@context":"https:\/\/schema.org","@graph":[{"@type":"WebPage","@id":"https:\/\/zeichenwerk.de\/fr\/croquis-de-voyage\/","url":"https:\/\/zeichenwerk.de\/fr\/croquis-de-voyage\/","name":"Croquis de voyage - Zeichenwerk","isPartOf":{"@id":"https:\/\/zeichenwerk.de\/fr\/#website"},"primaryImageOfPage":{"@id":"https:\/\/zeichenwerk.de\/fr\/croquis-de-voyage\/#primaryimage"},"image":{"@id":"https:\/\/zeichenwerk.de\/fr\/croquis-de-voyage\/#primaryimage"},"thumbnailUrl":"https:\/\/zeichenwerk.de\/wp-content\/uploads\/2020\/03\/Textbilder_490x490px-Kunst.jpg","datePublished":"2026-01-07T11:50:27+00:00","dateModified":"2026-01-07T12:05:13+00:00","breadcrumb":{"@id":"https:\/\/zeichenwerk.de\/fr\/croquis-de-voyage\/#breadcrumb"},"inLanguage":"fr-FR","potentialAction":[{"@type":"ReadAction","target":["https:\/\/zeichenwerk.de\/fr\/croquis-de-voyage\/"]}]},{"@type":"ImageObject","inLanguage":"fr-FR","@id":"https:\/\/zeichenwerk.de\/fr\/croquis-de-voyage\/#primaryimage","url":"https:\/\/zeichenwerk.de\/wp-content\/uploads\/2020\/03\/Textbilder_490x490px-Kunst.jpg","contentUrl":"https:\/\/zeichenwerk.de\/wp-content\/uploads\/2020\/03\/Textbilder_490x490px-Kunst.jpg"},{"@type":"BreadcrumbList","@id":"https:\/\/zeichenwerk.de\/fr\/croquis-de-voyage\/#breadcrumb","itemListElement":[{"@type":"ListItem","position":1,"name":"Start","item":"https:\/\/zeichenwerk.de\/fr\/"},{"@type":"ListItem","position":2,"name":"Croquis de voyage"}]},{"@type":"WebSite","@id":"https:\/\/zeichenwerk.de\/fr\/#website","url":"https:\/\/zeichenwerk.de\/fr\/","name":"Zeichenwerk","description":"","potentialAction":[{"@type":"SearchAction","target":{"@type":"EntryPoint","urlTemplate":"https:\/\/zeichenwerk.de\/fr\/?s={search_term_string}"},"query-input":{"@type":"PropertyValueSpecification","valueRequired":true,"valueName":"search_term_string"}}],"inLanguage":"fr-FR"}]}},"_links":{"self":[{"href":"https:\/\/zeichenwerk.de\/fr\/wp-json\/wp\/v2\/pages\/13448","targetHints":{"allow":["GET"]}}],"collection":[{"href":"https:\/\/zeichenwerk.de\/fr\/wp-json\/wp\/v2\/pages"}],"about":[{"href":"https:\/\/zeichenwerk.de\/fr\/wp-json\/wp\/v2\/types\/page"}],"author":[{"embeddable":true,"href":"https:\/\/zeichenwerk.de\/fr\/wp-json\/wp\/v2\/users\/3"}],"replies":[{"embeddable":true,"href":"https:\/\/zeichenwerk.de\/fr\/wp-json\/wp\/v2\/comments?post=13448"}],"version-history":[{"count":2,"href":"https:\/\/zeichenwerk.de\/fr\/wp-json\/wp\/v2\/pages\/13448\/revisions"}],"predecessor-version":[{"id":13450,"href":"https:\/\/zeichenwerk.de\/fr\/wp-json\/wp\/v2\/pages\/13448\/revisions\/13450"}],"wp:attachment":[{"href":"https:\/\/zeichenwerk.de\/fr\/wp-json\/wp\/v2\/media?parent=13448"}],"curies":[{"name":"wp","href":"https:\/\/api.w.org\/{rel}","templated":true}]}}